{"id":205,"date":"2023-06-27T14:57:56","date_gmt":"2023-06-27T14:57:56","guid":{"rendered":"https:\/\/wanderart.com\/?page_id=205"},"modified":"2023-12-06T12:02:52","modified_gmt":"2023-12-06T11:02:52","slug":"research","status":"publish","type":"page","link":"https:\/\/wanderart.com\/eng\/research\/","title":{"rendered":"Research"},"content":{"rendered":"<section class=\"bde-section-205-100 bde-section\">\n          \n          \n  \n\t\n\n\n\n<div class=\"section-container\"><div class=\"bde-columns-205-103 bde-columns\"><div class=\"bde-column-205-104 bde-column\">\n          \n          \n  \n\t\n\n\n\n<div class=\"bde-image-205-102 bde-image\">\n          \n            \n\n\n\n\n\n<figure class=\"breakdance-image breakdance-image--208\">\n\t<div class=\"breakdance-image-container\">\n\t\t<div class=\"breakdance-image-clip\">\n\t\t\t\n\t\t\t\t\n\t\t\t\t\t    \n  \n  \n  \n  \n      \n      <img loading=\"lazy\" decoding=\"async\"\n      class=\"breakdance-image-object\"\n      src=\"https:\/\/wanderart.com\/wp-content\/uploads\/2023\/06\/00_1-scaled.jpeg\"\n      width=\"1920\"\n      height=\"2560\"\n      \n      \n                        srcset=\"https:\/\/wanderart.com\/wp-content\/uploads\/2023\/06\/00_1-scaled.jpeg 1920w, https:\/\/wanderart.com\/wp-content\/uploads\/2023\/06\/00_1-225x300.jpeg 225w, https:\/\/wanderart.com\/wp-content\/uploads\/2023\/06\/00_1-768x1024.jpeg 768w, https:\/\/wanderart.com\/wp-content\/uploads\/2023\/06\/00_1-1152x1536.jpeg 1152w, https:\/\/wanderart.com\/wp-content\/uploads\/2023\/06\/00_1-1536x2048.jpeg 1536w, https:\/\/wanderart.com\/wp-content\/uploads\/2023\/06\/00_1-9x12.jpeg 9w\"\n                                sizes=\"auto, (max-width: 1920px) 100vw, 1920px\"\n                  >\n  \n\n\t\t\t\t\t\n\t\t\t\t\t\t<\/div>\n\t<\/div>\n\n\t<\/figure>\n\n         <\/div>\n         <\/div><\/div><div class=\"bde-columns-205-108 bde-columns\"><div class=\"bde-column-205-109 bde-column\">\n          \n          \n  \n\t\n\n\n\n<div class=\"bde-image-205-111 bde-image\">\n          \n            \n\n\n\n\n\n<figure class=\"breakdance-image breakdance-image--540\">\n\t<div class=\"breakdance-image-container\">\n\t\t<div class=\"breakdance-image-clip\">\n\t\t\t\n\t\t\t\t\n\t\t\t\t\t    \n  \n  \n  \n  \n      \n      <img loading=\"lazy\" decoding=\"async\"\n      class=\"breakdance-image-object\"\n      src=\"https:\/\/wanderart.com\/wp-content\/uploads\/2023\/09\/00_2-copia.jpg\"\n      width=\"1380\"\n      height=\"1838\"\n      \n      \n                        srcset=\"https:\/\/wanderart.com\/wp-content\/uploads\/2023\/09\/00_2-copia.jpg 1380w, https:\/\/wanderart.com\/wp-content\/uploads\/2023\/09\/00_2-copia-225x300.jpg 225w, https:\/\/wanderart.com\/wp-content\/uploads\/2023\/09\/00_2-copia-769x1024.jpg 769w, https:\/\/wanderart.com\/wp-content\/uploads\/2023\/09\/00_2-copia-768x1023.jpg 768w, https:\/\/wanderart.com\/wp-content\/uploads\/2023\/09\/00_2-copia-1153x1536.jpg 1153w, https:\/\/wanderart.com\/wp-content\/uploads\/2023\/09\/00_2-copia-9x12.jpg 9w\"\n                                sizes=\"auto, (max-width: 1380px) 100vw, 1380px\"\n                  >\n  \n\n\t\t\t\t\t\n\t\t\t\t\t\t<\/div>\n\t<\/div>\n\n\t<\/figure>\n\n         <\/div>\n         <\/div><div class=\"bde-column-205-110 bde-column\">\n          \n          \n  \n\t\n\n\n\n<div class=\"bde-text-205-112 bde-text\">\n          \n          Matter and materials are the abacus of Wanderart, the repertoire to observe, and the main nourishment for its works and collections.<br><br>L'atelier \u00e8 ispirato da un principio di ricerca continua, che si avvale anche della collaborazione scientifica di atenei e di enti istituzionali. <br>Il processo creativo non \u00e8 orientato verso obiettivi prestabiliti, ma \u00e8 libero di indagare, un inciampo dopo l\u2019altro, le possibilit\u00e0 offerte dagli elementi naturali e dalle tecnologie.\n         <\/div>\n         <\/div><\/div><\/div>\n         <\/section><section class=\"bde-section-205-115 bde-section\">\n          \n          \n  \n\t\n\n\n\n<div class=\"section-container\"><div class=\"bde-columns-205-118 bde-columns\"><div class=\"bde-column-205-119 bde-column\">\n          \n          \n  \n\t\n\n\n\n<div class=\"bde-text-205-101 bde-text\">\n          \n          Wanderart lavora per monitorare e calcolare la carbon footprint dei processi di fusione in metallo ed \u00e8 impegnato a trovare soluzioni non convenzionali per abbatterla, sia attraverso l'impiego di materiali riciclati, sia grazie alle tecniche che consentano di ridurre o alleggerire le diverse fasi della produzione. L'atelier promuove un network che colleghi le realt\u00e0 attive nella raccolta delle materie di scarto, le aziende rivenditrici di metalli e le fonderie, nella logica di uno scambio virtuoso.\n         <\/div>\n         <\/div><div class=\"bde-column-205-120 bde-column\">\n          \n          \n  \n\t\n\n\n\n<div class=\"bde-image-205-114 bde-image\">\n          \n            \n\n\n\n\n\n<figure class=\"breakdance-image breakdance-image--541\">\n\t<div class=\"breakdance-image-container\">\n\t\t<div class=\"breakdance-image-clip\">\n\t\t\t\n\t\t\t\t\n\t\t\t\t\t    \n  \n  \n  \n  \n      \n      <img loading=\"lazy\" decoding=\"async\"\n      class=\"breakdance-image-object\"\n      src=\"https:\/\/wanderart.com\/wp-content\/uploads\/2023\/09\/01-copia-scaled.jpg\"\n      width=\"1750\"\n      height=\"2560\"\n      \n      \n                        srcset=\"https:\/\/wanderart.com\/wp-content\/uploads\/2023\/09\/01-copia-scaled.jpg 1750w, https:\/\/wanderart.com\/wp-content\/uploads\/2023\/09\/01-copia-205x300.jpg 205w, https:\/\/wanderart.com\/wp-content\/uploads\/2023\/09\/01-copia-700x1024.jpg 700w, https:\/\/wanderart.com\/wp-content\/uploads\/2023\/09\/01-copia-768x1124.jpg 768w, https:\/\/wanderart.com\/wp-content\/uploads\/2023\/09\/01-copia-1050x1536.jpg 1050w, https:\/\/wanderart.com\/wp-content\/uploads\/2023\/09\/01-copia-1400x2048.jpg 1400w, https:\/\/wanderart.com\/wp-content\/uploads\/2023\/09\/01-copia-8x12.jpg 8w\"\n                                sizes=\"auto, (max-width: 1750px) 100vw, 1750px\"\n                  >\n  \n\n\t\t\t\t\t\n\t\t\t\t\t\t<\/div>\n\t<\/div>\n\n\t<\/figure>\n\n         <\/div>\n         <\/div><\/div><div class=\"bde-columns-205-122 bde-columns\"><div class=\"bde-column-205-124 bde-column\">\n          \n          \n  \n\t\n\n\n\n<div class=\"bde-video-205-127 bde-video\">\n          \n          <div class=\"ee-video-container\">\n            <video class=\"ee-video\" src=\"https:\/\/wanderart.com\/wp-content\/uploads\/2023\/06\/02.mp4\"\n                               controls='true'                poster='https:\/\/wanderart.com\/wp-content\/uploads\/2023\/07\/video_ban.jpg'                                                controlslist=\"nodownload\"        >\n        <\/video>\n    \n    <\/div>\n\n         <\/div><div class=\"bde-text-205-153 bde-text\">\n          \n          What is the nature of reality? <br>La ricerca nel mondo del Web 3.0 spinge nel metaverso il confine dell'indagine espressiva dell'atelier, non solo attraverso la genesi di opere digitali ma anche per la notarizzazione dei pezzi fisici o la creazione dei \u201cdigital twin\u201d.\n         <\/div>\n         <\/div><\/div><div class=\"bde-columns-205-129 bde-columns\"><div class=\"bde-column-205-130 bde-column\">\n          \n          \n  \n\t\n\n\n\n<div class=\"bde-image-205-134 bde-image\">\n          \n            \n\n\n\n\n\n<figure class=\"breakdance-image breakdance-image--597\">\n\t<div class=\"breakdance-image-container\">\n\t\t<div class=\"breakdance-image-clip\">\n\t\t\t\n\t\t\t\t\n\t\t\t\t\t    \n  \n  \n  \n  \n      \n      <img loading=\"lazy\" decoding=\"async\"\n      class=\"breakdance-image-object\"\n      src=\"https:\/\/wanderart.com\/wp-content\/uploads\/2023\/10\/03-002.jpg\"\n      width=\"1667\"\n      height=\"2560\"\n      \n      \n                        srcset=\"https:\/\/wanderart.com\/wp-content\/uploads\/2023\/10\/03-002.jpg 1667w, https:\/\/wanderart.com\/wp-content\/uploads\/2023\/10\/03-002-195x300.jpg 195w, https:\/\/wanderart.com\/wp-content\/uploads\/2023\/10\/03-002-667x1024.jpg 667w, https:\/\/wanderart.com\/wp-content\/uploads\/2023\/10\/03-002-768x1179.jpg 768w, https:\/\/wanderart.com\/wp-content\/uploads\/2023\/10\/03-002-1000x1536.jpg 1000w, https:\/\/wanderart.com\/wp-content\/uploads\/2023\/10\/03-002-1334x2048.jpg 1334w, https:\/\/wanderart.com\/wp-content\/uploads\/2023\/10\/03-002-8x12.jpg 8w\"\n                                sizes=\"auto, (max-width: 1667px) 100vw, 1667px\"\n                  >\n  \n\n\t\t\t\t\t\n\t\t\t\t\t\t<\/div>\n\t<\/div>\n\n\t<\/figure>\n\n         <\/div>\n         <\/div><div class=\"bde-column-205-133 bde-column\">\n          \n          \n  \n\t\n\n\n\n<div class=\"bde-text-205-128 bde-text\">\n          \n          L'impiego di materie prime, sperimentali o consolidate, \u00e8 un focus peculiare dell'atelier, impegnato a divulgare, con le sue opere, la cultura della consapevolezza e del riciclo contro quella del consumo e dello spreco. In questo senso, Wanderart esplora le possibilit\u00e0 dell'uso del micelio nell'arte per elaborare oggetti che, testimoniando le capacit\u00e0 narrative ed evocative uniche dei biomateriali, possano cos\u00ec educare al loro uso, in alternativa alla plastica.<br>Nel crescere all\u2019interno di uno stampo, il micelio immagazzina C02, dando forma a un prodotto completamente biodegradabile e biosostenibile.<br>\n         <\/div>\n         <\/div><\/div><div class=\"bde-columns-205-135 bde-columns\"><div class=\"bde-column-205-136 bde-column\">\n          \n          \n  \n\t\n\n\n\n\n         <\/div><div class=\"bde-column-205-138 bde-column\">\n          \n          \n  \n\t\n\n\n\n<div class=\"bde-image-205-152 bde-image\">\n          \n            \n\n\n\n\n\n<figure class=\"breakdance-image breakdance-image--340\">\n\t<div class=\"breakdance-image-container\">\n\t\t<div class=\"breakdance-image-clip\">\n\t\t\t\n\t\t\t\t\n\t\t\t\t\t    \n  \n  \n  \n  \n      \n      <img loading=\"lazy\" decoding=\"async\"\n      class=\"breakdance-image-object\"\n      src=\"https:\/\/wanderart.com\/wp-content\/uploads\/2023\/07\/03_3-scaled.jpg\"\n      width=\"2560\"\n      height=\"1745\"\n      \n      \n                        srcset=\"https:\/\/wanderart.com\/wp-content\/uploads\/2023\/07\/03_3-scaled.jpg 2560w, https:\/\/wanderart.com\/wp-content\/uploads\/2023\/07\/03_3-300x205.jpg 300w, https:\/\/wanderart.com\/wp-content\/uploads\/2023\/07\/03_3-1024x698.jpg 1024w, https:\/\/wanderart.com\/wp-content\/uploads\/2023\/07\/03_3-768x524.jpg 768w, https:\/\/wanderart.com\/wp-content\/uploads\/2023\/07\/03_3-1536x1047.jpg 1536w, https:\/\/wanderart.com\/wp-content\/uploads\/2023\/07\/03_3-2048x1396.jpg 2048w, https:\/\/wanderart.com\/wp-content\/uploads\/2023\/07\/03_3-18x12.jpg 18w\"\n                                sizes=\"auto, (max-width: 2560px) 100vw, 2560px\"\n                  >\n  \n\n\t\t\t\t\t\n\t\t\t\t\t\t<\/div>\n\t<\/div>\n\n\t<\/figure>\n\n         <\/div>\n         <\/div><\/div><div class=\"bde-columns-205-141 bde-columns\"><div class=\"bde-column-205-142 bde-column\">\n          \n          \n  \n\t\n\n\n\n<div class=\"bde-text-205-154 bde-text\">\n          \n          Il ciclo di vita della plastica: da rifiuto a risorsa? La plastica da sottrarre alle discariche \u00e8 il materiale eletto a strumento per la pratica creativa e nello stesso tempo \u00e8 al centro di un progetto ambizioso con cui organizzare laboratori aperti al pubblico e ai pi\u00f9 piccoli. \n         <\/div>\n         <\/div><div class=\"bde-column-205-143 bde-column\">\n          \n          \n  \n\t\n\n\n\n<div class=\"bde-image-205-144 bde-image\">\n          \n            \n\n\n\n\n\n<figure class=\"breakdance-image breakdance-image--214\">\n\t<div class=\"breakdance-image-container\">\n\t\t<div class=\"breakdance-image-clip\">\n\t\t\t\n\t\t\t\t\n\t\t\t\t\t    \n  \n  \n  \n  \n      \n      <img loading=\"lazy\" decoding=\"async\"\n      class=\"breakdance-image-object\"\n      src=\"https:\/\/wanderart.com\/wp-content\/uploads\/2023\/06\/04-scaled.jpeg\"\n      width=\"1706\"\n      height=\"2560\"\n      \n      \n                        srcset=\"https:\/\/wanderart.com\/wp-content\/uploads\/2023\/06\/04-scaled.jpeg 1706w, https:\/\/wanderart.com\/wp-content\/uploads\/2023\/06\/04-200x300.jpeg 200w, https:\/\/wanderart.com\/wp-content\/uploads\/2023\/06\/04-683x1024.jpeg 683w, https:\/\/wanderart.com\/wp-content\/uploads\/2023\/06\/04-768x1152.jpeg 768w, https:\/\/wanderart.com\/wp-content\/uploads\/2023\/06\/04-1024x1536.jpeg 1024w, https:\/\/wanderart.com\/wp-content\/uploads\/2023\/06\/04-1365x2048.jpeg 1365w, https:\/\/wanderart.com\/wp-content\/uploads\/2023\/06\/04-8x12.jpeg 8w\"\n                                sizes=\"auto, (max-width: 1706px) 100vw, 1706px\"\n                  >\n  \n\n\t\t\t\t\t\n\t\t\t\t\t\t<\/div>\n\t<\/div>\n\n\t<\/figure>\n\n         <\/div>\n         <\/div><\/div><div class=\"bde-columns-205-147 bde-columns\"><div class=\"bde-column-205-149 bde-column\">\n          \n          \n  \n\t\n\n\n\n<div class=\"bde-image-205-150 bde-image\">\n          \n            \n\n\n\n\n\n<figure class=\"breakdance-image breakdance-image--339\">\n\t<div class=\"breakdance-image-container\">\n\t\t<div class=\"breakdance-image-clip\">\n\t\t\t\n\t\t\t\t\n\t\t\t\t\t    \n  \n  \n  \n  \n      \n      <img loading=\"lazy\" decoding=\"async\"\n      class=\"breakdance-image-object\"\n      src=\"https:\/\/wanderart.com\/wp-content\/uploads\/2023\/07\/05.png\"\n      width=\"1280\"\n      height=\"755\"\n      \n      \n                        srcset=\"https:\/\/wanderart.com\/wp-content\/uploads\/2023\/07\/05.png 1280w, https:\/\/wanderart.com\/wp-content\/uploads\/2023\/07\/05-300x177.png 300w, https:\/\/wanderart.com\/wp-content\/uploads\/2023\/07\/05-1024x604.png 1024w, https:\/\/wanderart.com\/wp-content\/uploads\/2023\/07\/05-768x453.png 768w, https:\/\/wanderart.com\/wp-content\/uploads\/2023\/07\/05-18x12.png 18w\"\n                                sizes=\"auto, (max-width: 1280px) 100vw, 1280px\"\n                  >\n  \n\n\t\t\t\t\t\n\t\t\t\t\t\t<\/div>\n\t<\/div>\n\n\t<\/figure>\n\n         <\/div>\n         <\/div><div class=\"bde-column-205-148 bde-column\">\n          \n          \n  \n\t\n\n\n\n<div class=\"bde-text-205-146 bde-text\">\n          \n          Wanderart ha avviato un progetto con il Dipartimento di Ingegneria Chimica, dei Materiali e Ambiente dell'Universit\u00e0 La Sapienza di Roma per lo sviluppo di un nuovo materiale generato da scarti del settore agroalimentare e industriale, disponibili sul territorio. \u00c8 infatti allo studio la realizzazione di un conglomerato, costituito da malta di calce,  fanghi di travertino da recupero e addizionato con nanochitina da scarti, che dar\u00e0 vita ad opere d'arte e oggetti di design\n         <\/div>\n         <\/div><\/div><\/div>\n         <\/section>","protected":false},"excerpt":{"rendered":"<p>La materia e i materiali sono l&#8217;abaco di Wanderart, il repertorio da osservare e il nutrimento principale delle sue opere e collezioni.L&#8217;atelier \u00e8 ispirato da un principio di ricerca continua, che si avvale anche della collaborazione scientifica di atenei e di enti istituzionali. Il processo creativo non \u00e8 orientato verso obiettivi prestabiliti, ma \u00e8 libero [&hellip;]<\/p>","protected":false},"author":1,"featured_media":285,"parent":0,"menu_order":0,"comment_status":"closed","ping_status":"closed","template":"","meta":{"_breakdance_hide_in_design_set":false,"_breakdance_tags":"","footnotes":""},"class_list":["post-205","page","type-page","status-publish","has-post-thumbnail","hentry"],"yoast_head":"<!-- This site is optimized with the Yoast SEO plugin v22.7 - https:\/\/yoast.com\/wordpress\/plugins\/seo\/ -->\n<title>Research - WanderArt<\/title>\n<meta name=\"robots\" content=\"index, follow, max-snippet:-1, max-image-preview:large, max-video-preview:-1\" \/>\n<link rel=\"canonical\" href=\"https:\/\/wanderart.com\/eng\/research\/\" \/>\n<meta property=\"og:locale\" content=\"en_GB\" \/>\n<meta property=\"og:type\" content=\"article\" \/>\n<meta property=\"og:title\" content=\"Research - WanderArt\" \/>\n<meta property=\"og:description\" content=\"La materia e i materiali sono l&#039;abaco di Wanderart, il repertorio da osservare e il nutrimento principale delle sue opere e collezioni.L&#039;atelier \u00e8 ispirato da un principio di ricerca continua, che si avvale anche della collaborazione scientifica di atenei e di enti istituzionali. Il processo creativo non \u00e8 orientato verso obiettivi prestabiliti, ma \u00e8 libero [&hellip;]\" \/>\n<meta property=\"og:url\" content=\"https:\/\/wanderart.com\/eng\/research\/\" \/>\n<meta property=\"og:site_name\" content=\"WanderArt\" \/>\n<meta property=\"article:modified_time\" content=\"2023-12-06T11:02:52+00:00\" \/>\n<meta property=\"og:image\" content=\"https:\/\/wanderart.com\/wp-content\/uploads\/2023\/07\/favicon-2.png\" \/>\n\t<meta property=\"og:image:width\" content=\"512\" \/>\n\t<meta property=\"og:image:height\" content=\"512\" \/>\n\t<meta property=\"og:image:type\" content=\"image\/png\" \/>\n<meta name=\"twitter:card\" content=\"summary_large_image\" \/>\n<script type=\"application\/ld+json\" class=\"yoast-schema-graph\">{\"@context\":\"https:\/\/schema.org\",\"@graph\":[{\"@type\":\"WebPage\",\"@id\":\"https:\/\/wanderart.com\/research\/\",\"url\":\"https:\/\/wanderart.com\/research\/\",\"name\":\"Research - WanderArt\",\"isPartOf\":{\"@id\":\"https:\/\/wanderart.com\/#website\"},\"primaryImageOfPage\":{\"@id\":\"https:\/\/wanderart.com\/research\/#primaryimage\"},\"image\":{\"@id\":\"https:\/\/wanderart.com\/research\/#primaryimage\"},\"thumbnailUrl\":\"https:\/\/wanderart.com\/wp-content\/uploads\/2023\/07\/cropped-favicon-2.png\",\"datePublished\":\"2023-06-27T14:57:56+00:00\",\"dateModified\":\"2023-12-06T11:02:52+00:00\",\"breadcrumb\":{\"@id\":\"https:\/\/wanderart.com\/research\/#breadcrumb\"},\"inLanguage\":\"en-GB\",\"potentialAction\":[{\"@type\":\"ReadAction\",\"target\":[\"https:\/\/wanderart.com\/research\/\"]}]},{\"@type\":\"ImageObject\",\"inLanguage\":\"en-GB\",\"@id\":\"https:\/\/wanderart.com\/research\/#primaryimage\",\"url\":\"https:\/\/wanderart.com\/wp-content\/uploads\/2023\/07\/cropped-favicon-2.png\",\"contentUrl\":\"https:\/\/wanderart.com\/wp-content\/uploads\/2023\/07\/cropped-favicon-2.png\",\"width\":512,\"height\":512},{\"@type\":\"BreadcrumbList\",\"@id\":\"https:\/\/wanderart.com\/research\/#breadcrumb\",\"itemListElement\":[{\"@type\":\"ListItem\",\"position\":1,\"name\":\"Home\",\"item\":\"https:\/\/wanderart.com\/\"},{\"@type\":\"ListItem\",\"position\":2,\"name\":\"Research\"}]},{\"@type\":\"WebSite\",\"@id\":\"https:\/\/wanderart.com\/#website\",\"url\":\"https:\/\/wanderart.com\/\",\"name\":\"WanderArt\",\"description\":\"Atelier Contemporaneo a Roma\",\"publisher\":{\"@id\":\"https:\/\/wanderart.com\/#organization\"},\"potentialAction\":[{\"@type\":\"SearchAction\",\"target\":{\"@type\":\"EntryPoint\",\"urlTemplate\":\"https:\/\/wanderart.com\/?s={search_term_string}\"},\"query-input\":\"required name=search_term_string\"}],\"inLanguage\":\"en-GB\"},{\"@type\":\"Organization\",\"@id\":\"https:\/\/wanderart.com\/#organization\",\"name\":\"WanderArt\",\"url\":\"https:\/\/wanderart.com\/\",\"logo\":{\"@type\":\"ImageObject\",\"inLanguage\":\"en-GB\",\"@id\":\"https:\/\/wanderart.com\/#\/schema\/logo\/image\/\",\"url\":\"https:\/\/wanderart.com\/wp-content\/uploads\/2023\/07\/cropped-favicon-2.png\",\"contentUrl\":\"https:\/\/wanderart.com\/wp-content\/uploads\/2023\/07\/cropped-favicon-2.png\",\"width\":512,\"height\":512,\"caption\":\"WanderArt\"},\"image\":{\"@id\":\"https:\/\/wanderart.com\/#\/schema\/logo\/image\/\"}}]}<\/script>\n<!-- \/ Yoast SEO plugin. -->","yoast_head_json":{"title":"Research - WanderArt","robots":{"index":"index","follow":"follow","max-snippet":"max-snippet:-1","max-image-preview":"max-image-preview:large","max-video-preview":"max-video-preview:-1"},"canonical":"https:\/\/wanderart.com\/eng\/research\/","og_locale":"en_GB","og_type":"article","og_title":"Research - WanderArt","og_description":"La materia e i materiali sono l'abaco di Wanderart, il repertorio da osservare e il nutrimento principale delle sue opere e collezioni.L'atelier \u00e8 ispirato da un principio di ricerca continua, che si avvale anche della collaborazione scientifica di atenei e di enti istituzionali. Il processo creativo non \u00e8 orientato verso obiettivi prestabiliti, ma \u00e8 libero [&hellip;]","og_url":"https:\/\/wanderart.com\/eng\/research\/","og_site_name":"WanderArt","article_modified_time":"2023-12-06T11:02:52+00:00","og_image":[{"width":512,"height":512,"url":"https:\/\/wanderart.com\/wp-content\/uploads\/2023\/07\/favicon-2.png","type":"image\/png"}],"twitter_card":"summary_large_image","schema":{"@context":"https:\/\/schema.org","@graph":[{"@type":"WebPage","@id":"https:\/\/wanderart.com\/research\/","url":"https:\/\/wanderart.com\/research\/","name":"Research - WanderArt","isPartOf":{"@id":"https:\/\/wanderart.com\/#website"},"primaryImageOfPage":{"@id":"https:\/\/wanderart.com\/research\/#primaryimage"},"image":{"@id":"https:\/\/wanderart.com\/research\/#primaryimage"},"thumbnailUrl":"https:\/\/wanderart.com\/wp-content\/uploads\/2023\/07\/cropped-favicon-2.png","datePublished":"2023-06-27T14:57:56+00:00","dateModified":"2023-12-06T11:02:52+00:00","breadcrumb":{"@id":"https:\/\/wanderart.com\/research\/#breadcrumb"},"inLanguage":"en-GB","potentialAction":[{"@type":"ReadAction","target":["https:\/\/wanderart.com\/research\/"]}]},{"@type":"ImageObject","inLanguage":"en-GB","@id":"https:\/\/wanderart.com\/research\/#primaryimage","url":"https:\/\/wanderart.com\/wp-content\/uploads\/2023\/07\/cropped-favicon-2.png","contentUrl":"https:\/\/wanderart.com\/wp-content\/uploads\/2023\/07\/cropped-favicon-2.png","width":512,"height":512},{"@type":"BreadcrumbList","@id":"https:\/\/wanderart.com\/research\/#breadcrumb","itemListElement":[{"@type":"ListItem","position":1,"name":"Home","item":"https:\/\/wanderart.com\/"},{"@type":"ListItem","position":2,"name":"Research"}]},{"@type":"WebSite","@id":"https:\/\/wanderart.com\/#website","url":"https:\/\/wanderart.com\/","name":"WanderArt","description":"Atelier Contemporaneo a Roma","publisher":{"@id":"https:\/\/wanderart.com\/#organization"},"potentialAction":[{"@type":"SearchAction","target":{"@type":"EntryPoint","urlTemplate":"https:\/\/wanderart.com\/?s={search_term_string}"},"query-input":"required name=search_term_string"}],"inLanguage":"en-GB"},{"@type":"Organization","@id":"https:\/\/wanderart.com\/#organization","name":"WanderArt","url":"https:\/\/wanderart.com\/","logo":{"@type":"ImageObject","inLanguage":"en-GB","@id":"https:\/\/wanderart.com\/#\/schema\/logo\/image\/","url":"https:\/\/wanderart.com\/wp-content\/uploads\/2023\/07\/cropped-favicon-2.png","contentUrl":"https:\/\/wanderart.com\/wp-content\/uploads\/2023\/07\/cropped-favicon-2.png","width":512,"height":512,"caption":"WanderArt"},"image":{"@id":"https:\/\/wanderart.com\/#\/schema\/logo\/image\/"}}]}},"_links":{"self":[{"href":"https:\/\/wanderart.com\/eng\/wp-json\/wp\/v2\/pages\/205","targetHints":{"allow":["GET"]}}],"collection":[{"href":"https:\/\/wanderart.com\/eng\/wp-json\/wp\/v2\/pages"}],"about":[{"href":"https:\/\/wanderart.com\/eng\/wp-json\/wp\/v2\/types\/page"}],"author":[{"embeddable":true,"href":"https:\/\/wanderart.com\/eng\/wp-json\/wp\/v2\/users\/1"}],"replies":[{"embeddable":true,"href":"https:\/\/wanderart.com\/eng\/wp-json\/wp\/v2\/comments?post=205"}],"version-history":[{"count":2,"href":"https:\/\/wanderart.com\/eng\/wp-json\/wp\/v2\/pages\/205\/revisions"}],"predecessor-version":[{"id":332,"href":"https:\/\/wanderart.com\/eng\/wp-json\/wp\/v2\/pages\/205\/revisions\/332"}],"wp:featuredmedia":[{"embeddable":true,"href":"https:\/\/wanderart.com\/eng\/wp-json\/wp\/v2\/media\/285"}],"wp:attachment":[{"href":"https:\/\/wanderart.com\/eng\/wp-json\/wp\/v2\/media?parent=205"}],"curies":[{"name":"wp","href":"https:\/\/api.w.org\/{rel}","templated":true}]}}